{"id":16,"date":"2018-04-21T01:23:59","date_gmt":"2018-04-21T01:23:59","guid":{"rendered":"http:\/\/fundsocialsaludyvida.com\/?page_id=16"},"modified":"2023-05-05T21:55:01","modified_gmt":"2023-05-05T21:55:01","slug":"inicio","status":"publish","type":"page","link":"http:\/\/fundsocialsaludyvida.com\/","title":{"rendered":"Objeto Social"},"content":{"rendered":"<p>La FUNDACI\u00d3N SOCIAL SALUD Y VIDA, se cre\u00f3 con el fin de atender ancianos y ancianas que se encuentran desprotegidos y que por encontrarse en la m\u00e1s absoluta miseria, son altamente vulnerables, ofreci\u00e9ndoles acceso a las oportunidades m\u00ednimas de AMOR, NUTRICI\u00d3N y SALUD; contribuyendo de esta manera a mejorar las condiciones de vida del adulto mayor y por ende de la sociedad en general; ofreciendo un camino de soluci\u00f3n a la exclusi\u00f3n y a la pobreza que los aquejan en una sociedad que los olvida y margina<\/p>\n<p style=\"text-align: center;\"><strong><em>\u201cDespu\u00e9s de una larga vida de trabajo, me encuentro en la calle, caminando entre personas que no me ven, solo mi perro me escucha; mon\u00f3logos y silencios se agolpan en ese crudo retrato social que es mi vida\u201d<\/em><\/strong><\/p>\n\n\n<figure class=\"wp-block-image size-full is-resized\"><img loading=\"lazy\" decoding=\"async\" src=\"http:\/\/fundsocialsaludyvida.com\/wp-content\/uploads\/2023\/05\/Bancolombia.png\" alt=\"\" class=\"wp-image-111\" width=\"635\" height=\"310\" srcset=\"http:\/\/fundsocialsaludyvida.com\/wp-content\/uploads\/2023\/05\/Bancolombia.png 512w, http:\/\/fundsocialsaludyvida.com\/wp-content\/uploads\/2023\/05\/Bancolombia-300x146.png 300w\" sizes=\"(max-width: 635px) 100vw, 635px\" \/><\/figure>\n","protected":false},"excerpt":{"rendered":"<p>La FUNDACI\u00d3N SOCIAL SALUD Y VIDA, se cre\u00f3 con el fin de atender ancianos y ancianas que se encuentran desprotegidos y que por encontrarse en la m\u00e1s absoluta miseria, son altamente vulnerables, ofreci\u00e9ndoles acceso a las oportunidades m\u00ednimas de AMOR, NUTRICI\u00d3N y SALUD; contribuyendo de esta manera a mejorar las condiciones de vida del adulto &hellip; <a href=\"http:\/\/fundsocialsaludyvida.com\/\" class=\"more-link\">Seguir leyendo <span class=\"screen-reader-text\">Objeto Social<\/span> <span class=\"meta-nav\">&rarr;<\/span><\/a><\/p>\n","protected":false},"author":1,"featured_media":0,"parent":0,"menu_order":0,"comment_status":"closed","ping_status":"closed","template":"","meta":{"footnotes":""},"_links":{"self":[{"href":"http:\/\/fundsocialsaludyvida.com\/index.php?rest_route=\/wp\/v2\/pages\/16"}],"collection":[{"href":"http:\/\/fundsocialsaludyvida.com\/index.php?rest_route=\/wp\/v2\/pages"}],"about":[{"href":"http:\/\/fundsocialsaludyvida.com\/index.php?rest_route=\/wp\/v2\/types\/page"}],"author":[{"embeddable":true,"href":"http:\/\/fundsocialsaludyvida.com\/index.php?rest_route=\/wp\/v2\/users\/1"}],"replies":[{"embeddable":true,"href":"http:\/\/fundsocialsaludyvida.com\/index.php?rest_route=%2Fwp%2Fv2%2Fcomments&post=16"}],"version-history":[{"count":4,"href":"http:\/\/fundsocialsaludyvida.com\/index.php?rest_route=\/wp\/v2\/pages\/16\/revisions"}],"predecessor-version":[{"id":112,"href":"http:\/\/fundsocialsaludyvida.com\/index.php?rest_route=\/wp\/v2\/pages\/16\/revisions\/112"}],"wp:attachment":[{"href":"http:\/\/fundsocialsaludyvida.com\/index.php?rest_route=%2Fwp%2Fv2%2Fmedia&parent=16"}],"curies":[{"name":"wp","href":"https:\/\/api.w.org\/{rel}","templated":true}]}}